{"id":2,"date":"2025-11-19T23:46:39","date_gmt":"2025-11-19T23:46:39","guid":{"rendered":"http:\/\/afu.furax84-simulation.fr\/?page_id=2"},"modified":"2025-11-21T08:15:58","modified_gmt":"2025-11-21T08:15:58","slug":"sample-page","status":"publish","type":"page","link":"https:\/\/afu.furax84-simulation.fr\/","title":{"rendered":"Air Furax Virtual Airline (AFU)"},"content":{"rendered":"\n<p>Bienvenue chez <strong>Air Furax Virtual Airline (AFU)<\/strong>, la compagnie virtuelle officielle issue de la communaut\u00e9 <strong>Furax84 Simulation<\/strong>.<br>Notre but : <strong>prolonger l\u2019esprit communautaire de Furax84 en l\u2019appliquant aux vols virtuels<\/strong>, avec un cadre simple, motivant et collectif.<\/p>\n\n\n\n<h2 class=\"wp-block-heading\"><a href=\"https:\/\/afu.furax84-simulation.fr\">Notre Philosophie<\/a><\/h2>\n\n\n\n<p>Air Furax VA n\u2019est pas seulement une compagnie virtuelle, c\u2019est avant tout une <strong>extension de la communaut\u00e9 Furax84 Simulation<\/strong>.<br><strong>Nos principes reposent sur 3 piliers :<\/strong><\/p>\n\n\n\n<ul class=\"wp-block-list\">\n<li><strong>Voler ensemble<\/strong> : privil\u00e9gier le plaisir du partage et des vols en groupe.<\/li>\n\n\n\n<li><strong>Des objectifs communs<\/strong> : donner du sens \u00e0 nos vols gr\u00e2ce \u00e0 des lignes, \u00e9v\u00e9nements et missions.<\/li>\n\n\n\n<li><strong>\u00c9voluer ensemble<\/strong> : progresser, apprendre et s\u2019entraider dans une ambiance conviviale.<\/li>\n<\/ul>\n\n\n\n<h2 class=\"wp-block-heading\">Nos Activit\u00e9s<\/h2>\n\n\n\n<ul class=\"wp-block-list\">\n<li>Vols r\u00e9guliers et charters inspir\u00e9s du r\u00e9el.<\/li>\n\n\n\n<li>\u00c9v\u00e9nements communautaires organis\u00e9s avec <strong>Furax84 Simulation<\/strong>.<\/li>\n<\/ul>\n\n\n\n<h2 class=\"wp-block-heading\">Pourquoi rejoindre AFU ?<\/h2>\n\n\n\n<ul class=\"wp-block-list\">\n<li>Une <strong>communaut\u00e9 soud\u00e9e<\/strong> issue de Furax84 Simulation.<\/li>\n\n\n\n<li>Une flotte vari\u00e9e pour tous les styles de vol (liner, r\u00e9gional, cargo, GA, &#8230;).<\/li>\n\n\n\n<li>Des \u00e9v\u00e9nements pens\u00e9s pour voler ensemble.<\/li>\n\n\n\n<li>Une exp\u00e9rience immersive, mais toujours tourn\u00e9e vers la convivialit\u00e9.<\/li>\n<\/ul>\n","protected":false},"excerpt":{"rendered":"<p>Bienvenue chez Air Furax Virtual Airline (AFU), la compagnie virtuelle officielle issue de la communaut\u00e9 Furax84 Simulation.Notre but : prolonger l\u2019esprit communautaire de Furax84 en l\u2019appliquant aux vols virtuels, avec un cadre simple, motivant et collectif. Notre Philosophie Air Furax VA n\u2019est pas seulement une compagnie virtuelle, c\u2019est avant tout une extension de la communaut\u00e9 [&hellip;]<\/p>\n","protected":false},"author":1,"featured_media":0,"parent":0,"menu_order":0,"comment_status":"closed","ping_status":"open","template":"","meta":{"footnotes":""},"class_list":["post-2","page","type-page","status-publish","hentry"],"_links":{"self":[{"href":"https:\/\/afu.furax84-simulation.fr\/index.php\/wp-json\/wp\/v2\/pages\/2","targetHints":{"allow":["GET"]}}],"collection":[{"href":"https:\/\/afu.furax84-simulation.fr\/index.php\/wp-json\/wp\/v2\/pages"}],"about":[{"href":"https:\/\/afu.furax84-simulation.fr\/index.php\/wp-json\/wp\/v2\/types\/page"}],"author":[{"embeddable":true,"href":"https:\/\/afu.furax84-simulation.fr\/index.php\/wp-json\/wp\/v2\/users\/1"}],"replies":[{"embeddable":true,"href":"https:\/\/afu.furax84-simulation.fr\/index.php\/wp-json\/wp\/v2\/comments?post=2"}],"version-history":[{"count":13,"href":"https:\/\/afu.furax84-simulation.fr\/index.php\/wp-json\/wp\/v2\/pages\/2\/revisions"}],"predecessor-version":[{"id":80,"href":"https:\/\/afu.furax84-simulation.fr\/index.php\/wp-json\/wp\/v2\/pages\/2\/revisions\/80"}],"wp:attachment":[{"href":"https:\/\/afu.furax84-simulation.fr\/index.php\/wp-json\/wp\/v2\/media?parent=2"}],"curies":[{"name":"wp","href":"https:\/\/api.w.org\/{rel}","templated":true}]}}